{"id":32562,"date":"2018-01-22T18:28:55","date_gmt":"2018-01-22T16:28:55","guid":{"rendered":"https:\/\/www.bluepanselinos.com\/contact\/"},"modified":"2024-07-12T10:44:30","modified_gmt":"2024-07-12T07:44:30","slug":"contact","status":"publish","type":"page","link":"https:\/\/www.bluepanselinos.com\/es\/contact\/","title":{"rendered":"Contact"},"content":{"rendered":"<p>[et_pb_section fb_built=\u00bb1&#8243; _builder_version=\u00bb4.21.0&#8243; _module_preset=\u00bbdefault\u00bb background_image=\u00bbhttps:\/\/www.bluepanselinos.com\/wp-content\/uploads\/2017\/12\/mini-3-1.jpg\u00bb custom_padding=\u00bb5%||5%||false|false\u00bb global_module=\u00bb30102&#8243; global_colors_info=\u00bb{}\u00bb][et_pb_row _builder_version=\u00bb4.21.0&#8243; _module_preset=\u00bbdefault\u00bb global_colors_info=\u00bb{}\u00bb][et_pb_column type=\u00bb4_4&#8243; _builder_version=\u00bb4.21.0&#8243; _module_preset=\u00bbdefault\u00bb global_colors_info=\u00bb{}\u00bb][\/et_pb_column][\/et_pb_row][\/et_pb_section][et_pb_section fb_built=\u00bb1&#8243; admin_label=\u00bbsection\u00bb _builder_version=\u00bb4.16&#8243; global_colors_info=\u00bb{}\u00bb][et_pb_row admin_label=\u00bbrow\u00bb _builder_version=\u00bb4.16&#8243; background_size=\u00bbinitial\u00bb background_position=\u00bbtop_left\u00bb background_repeat=\u00bbrepeat\u00bb global_colors_info=\u00bb{}\u00bb][et_pb_column type=\u00bb4_4&#8243; _builder_version=\u00bb4.16&#8243; custom_padding=\u00bb|||\u00bb global_colors_info=\u00bb{}\u00bb custom_padding__hover=\u00bb|||\u00bb][et_pb_text admin_label=\u00bbText\u00bb _builder_version=\u00bb4.21.0&#8243; background_size=\u00bbinitial\u00bb background_position=\u00bbtop_left\u00bb background_repeat=\u00bbrepeat\u00bb text_orientation=\u00bbcenter\u00bb global_colors_info=\u00bb{}\u00bb]<\/p>\n<h1>\u00a1Si\u00e9ntete libre de contactarnos!<\/h1>\n<p>[\/et_pb_text][et_pb_image src=\u00bbhttps:\/\/www.bluepanselinos.com\/wp-content\/uploads\/2018\/01\/original.jpg\u00bb title_text=\u00bboriginal\u00bb align=\u00bbcenter\u00bb _builder_version=\u00bb4.21.0&#8243; _module_preset=\u00bbdefault\u00bb border_radii=\u00bbon|50%|50%|50%|50%\u00bb global_colors_info=\u00bb{}\u00bb][\/et_pb_image][et_pb_text admin_label=\u00bbText\u00bb _builder_version=\u00bb4.21.0&#8243; header_2_font_size=\u00bb24px\u00bb header_3_font=\u00bbMontserrat||||||||\u00bb background_size=\u00bbinitial\u00bb background_position=\u00bbtop_left\u00bb background_repeat=\u00bbrepeat\u00bb text_orientation=\u00bbcenter\u00bb global_colors_info=\u00bb{}\u00bb]<\/p>\n<h2>Nikos y Jackie<\/h2>\n<p>[\/et_pb_text][et_pb_text admin_label=\u00bbText\u00bb _builder_version=\u00bb4.21.0&#8243; text_font=\u00bbAlbert Sans|300|||||||\u00bb text_line_height=\u00bb2em\u00bb header_font=\u00bbAlbert Sans||||||||\u00bb header_3_font=\u00bbAlbert Sans||||||||\u00bb header_4_font=\u00bbAlbert Sans||||||||\u00bb header_4_line_height=\u00bb1.9em\u00bb background_size=\u00bbinitial\u00bb background_position=\u00bbtop_left\u00bb background_repeat=\u00bbrepeat\u00bb text_orientation=\u00bbcenter\u00bb global_colors_info=\u00bb{}\u00bb]<\/p>\n<p><strong>Direcci\u00f3n:<\/strong> Oia 84702, Santorini, Grecia<br \/><strong>N\u00famero de tel\u00e9fono:<\/strong> +0030 22860 83167<br \/><strong>WhatsApp:<\/strong> + 30 6947153218, + 30 6946373421<\/p>\n<p>[\/et_pb_text][et_pb_code _builder_version=\u00bb4.21.0&#8243; _module_preset=\u00bbdefault\u00bb custom_margin=\u00bb10%||||false|false\u00bb custom_margin_tablet=\u00bb30%||||false|false\u00bb custom_margin_phone=\u00bb50%||||false|false\u00bb custom_margin_last_edited=\u00bbon|desktop\u00bb global_colors_info=\u00bb{}\u00bb]<center><a href=\"https:\/\/api.whatsapp.com\/send?phone=306947153218\"><img decoding=\"async\" src=\"https:\/\/www.bluepanselinos.com\/2-mob.png\"><\/a><\/center>[\/et_pb_code][\/et_pb_column][\/et_pb_row][et_pb_row _builder_version=\u00bb4.21.0&#8243; _module_preset=\u00bbdefault\u00bb width=\u00bb50%\u00bb width_tablet=\u00bb85%\u00bb width_phone=\u00bb95%\u00bb width_last_edited=\u00bbon|phone\u00bb global_colors_info=\u00bb{}\u00bb][et_pb_column type=\u00bb4_4&#8243; _builder_version=\u00bb4.21.0&#8243; _module_preset=\u00bbdefault\u00bb global_colors_info=\u00bb{}\u00bb][et_pb_text _builder_version=\u00bb4.21.0&#8243; _module_preset=\u00bbdefault\u00bb global_colors_info=\u00bb{}\u00bb]\n<div class=\"wpcf7 no-js\" id=\"wpcf7-f32599-o1\" lang=\"es-ES\" dir=\"ltr\" data-wpcf7-id=\"32599\">\n<div class=\"screen-reader-response\"><p role=\"status\" aria-live=\"polite\" aria-atomic=\"true\"><\/p> <ul><\/ul><\/div>\n<form action=\"\/es\/wp-json\/wp\/v2\/pages\/32562#wpcf7-f32599-o1\" method=\"post\" class=\"wpcf7-form init\" aria-label=\"Formulario de contacto\" novalidate=\"novalidate\" data-status=\"init\">\n<fieldset class=\"hidden-fields-container\"><input type=\"hidden\" name=\"_wpcf7\" value=\"32599\" \/><input type=\"hidden\" name=\"_wpcf7_version\" value=\"6.1.5\" \/><input type=\"hidden\" name=\"_wpcf7_locale\" value=\"es_ES\" \/><input type=\"hidden\" name=\"_wpcf7_unit_tag\" value=\"wpcf7-f32599-o1\" \/><input type=\"hidden\" name=\"_wpcf7_container_post\" value=\"0\" \/><input type=\"hidden\" name=\"_wpcf7_posted_data_hash\" value=\"\" \/><input type=\"hidden\" name=\"_wpcf7_recaptcha_response\" value=\"\" \/>\n<\/fieldset>\n<div class=\"customform\">\n\t<p class=\"bookdetails\">Por favor complete los campos del formulario a continuaci\u00f3n:\n\t<\/p>\n\t<div class=\"two-column\">\n\t\t<div>\n\t\t\t<p><label class=\"inputgap\"> <span class=\"wpcf7-form-control-wrap\" data-name=\"your-name\"><input size=\"40\" maxlength=\"400\" class=\"wpcf7-form-control wpcf7-text wpcf7-validates-as-required\" aria-required=\"true\" aria-invalid=\"false\" placeholder=\"Nombre*\" value=\"\" type=\"text\" name=\"your-name\" \/><\/span> <\/label><br \/>\n<label class=\"inputgap\"> <span class=\"wpcf7-form-control-wrap\" data-name=\"your-email\"><input size=\"40\" maxlength=\"400\" class=\"wpcf7-form-control wpcf7-email wpcf7-validates-as-required wpcf7-text wpcf7-validates-as-email\" aria-required=\"true\" aria-invalid=\"false\" placeholder=\"Email*\" value=\"\" type=\"email\" name=\"your-email\" \/><\/span> <\/label>\n\t\t\t<\/p>\n\t\t<\/div>\n\t\t<div>\n\t\t\t<p><label class=\"inputgap\"> <span class=\"wpcf7-form-control-wrap\" data-name=\"tel\"><input size=\"40\" maxlength=\"400\" class=\"wpcf7-form-control wpcf7-text\" aria-invalid=\"false\" placeholder=\"Tel\u00e9fono*\" value=\"\" type=\"text\" name=\"tel\" \/><\/span> <\/label>\n\t\t\t<\/p>\n\t\t<\/div>\n\t<\/div>\n\t<p><span class=\"wpcf7-form-control-wrap\" data-name=\"your-message\"><textarea cols=\"40\" rows=\"10\" maxlength=\"2000\" class=\"wpcf7-form-control wpcf7-textarea wpcf7-validates-as-required\" aria-required=\"true\" aria-invalid=\"false\" placeholder=\"Tu Mensaje*\" name=\"your-message\"><\/textarea><\/span>\n\t<\/p>\n\t<p><label> <input type=\"submit\" class=\"buttonblue\" value=\"ENVIAR MENSAJE\" \/><\/label>\n\t<\/p>\n<\/div><div class=\"wpcf7-response-output\" aria-hidden=\"true\"><\/div>\n<\/form>\n<\/div>\n[\/et_pb_text][\/et_pb_column][\/et_pb_row][\/et_pb_section]<\/p>\n","protected":false},"excerpt":{"rendered":"<p>\u00a1Si\u00e9ntete libre de contactarnos!Nikos y JackieDirecci\u00f3n: Oia 84702, Santorini, GreciaN\u00famero de tel\u00e9fono: +0030 22860 83167WhatsApp: + 30 6947153218, + 30 6946373421\n<div class=\"wpcf7 no-js\" id=\"wpcf7-f32599-o2\" lang=\"es-ES\" dir=\"ltr\" data-wpcf7-id=\"32599\">\n<div class=\"screen-reader-response\"><p role=\"status\" aria-live=\"polite\" aria-atomic=\"true\"><\/p> <ul><\/ul><\/div>\n<form action=\"\/es\/wp-json\/wp\/v2\/pages\/32562#wpcf7-f32599-o2\" method=\"post\" class=\"wpcf7-form init\" aria-label=\"Formulario de contacto\" novalidate=\"novalidate\" data-status=\"init\">\n<fieldset class=\"hidden-fields-container\"><input type=\"hidden\" name=\"_wpcf7\" value=\"32599\" \/><input type=\"hidden\" name=\"_wpcf7_version\" value=\"6.1.5\" \/><input type=\"hidden\" name=\"_wpcf7_locale\" value=\"es_ES\" \/><input type=\"hidden\" name=\"_wpcf7_unit_tag\" value=\"wpcf7-f32599-o2\" \/><input type=\"hidden\" name=\"_wpcf7_container_post\" value=\"0\" \/><input type=\"hidden\" name=\"_wpcf7_posted_data_hash\" value=\"\" \/><input type=\"hidden\" name=\"_wpcf7_recaptcha_response\" value=\"\" \/>\n<\/fieldset>\n<div class=\"customform\">\n\t<p class=\"bookdetails\">Por favor complete los campos del formulario a continuaci\u00f3n:\n\t<\/p>\n\t<div class=\"two-column\">\n\t\t<div>\n\t\t\t<p><label class=\"inputgap\"> <span class=\"wpcf7-form-control-wrap\" data-name=\"your-name\"><input size=\"40\" maxlength=\"400\" class=\"wpcf7-form-control wpcf7-text wpcf7-validates-as-required\" aria-required=\"true\" aria-invalid=\"false\" placeholder=\"Nombre*\" value=\"\" type=\"text\" name=\"your-name\" \/><\/span> <\/label><br \/>\n<label class=\"inputgap\"> <span class=\"wpcf7-form-control-wrap\" data-name=\"your-email\"><input size=\"40\" maxlength=\"400\" class=\"wpcf7-form-control wpcf7-email wpcf7-validates-as-required wpcf7-text wpcf7-validates-as-email\" aria-required=\"true\" aria-invalid=\"false\" placeholder=\"Email*\" value=\"\" type=\"email\" name=\"your-email\" \/><\/span> <\/label>\n\t\t\t<\/p>\n\t\t<\/div>\n\t\t<div>\n\t\t\t<p><label class=\"inputgap\"> <span class=\"wpcf7-form-control-wrap\" data-name=\"tel\"><input size=\"40\" maxlength=\"400\" class=\"wpcf7-form-control wpcf7-text\" aria-invalid=\"false\" placeholder=\"Tel\u00e9fono*\" value=\"\" type=\"text\" name=\"tel\" \/><\/span> <\/label>\n\t\t\t<\/p>\n\t\t<\/div>\n\t<\/div>\n\t<p><span class=\"wpcf7-form-control-wrap\" data-name=\"your-message\"><textarea cols=\"40\" rows=\"10\" maxlength=\"2000\" class=\"wpcf7-form-control wpcf7-textarea wpcf7-validates-as-required\" aria-required=\"true\" aria-invalid=\"false\" placeholder=\"Tu Mensaje*\" name=\"your-message\"><\/textarea><\/span>\n\t<\/p>\n\t<p><label> <input type=\"submit\" class=\"buttonblue\" value=\"ENVIAR MENSAJE\" \/><\/label>\n\t<\/p>\n<\/div><div class=\"wpcf7-response-output\" aria-hidden=\"true\"><\/div>\n<\/form>\n<\/div>\n<\/p>\n","protected":false},"author":3,"featured_media":0,"parent":0,"menu_order":0,"comment_status":"closed","ping_status":"closed","template":"","meta":{"_acf_changed":false,"_et_pb_use_builder":"on","_et_pb_old_content":"","_et_gb_content_width":"","footnotes":""},"yst_prominent_words":[540],"class_list":["post-32562","page","type-page","status-publish","hentry"],"acf":[],"_links":{"self":[{"href":"https:\/\/www.bluepanselinos.com\/es\/wp-json\/wp\/v2\/pages\/32562","targetHints":{"allow":["GET"]}}],"collection":[{"href":"https:\/\/www.bluepanselinos.com\/es\/wp-json\/wp\/v2\/pages"}],"about":[{"href":"https:\/\/www.bluepanselinos.com\/es\/wp-json\/wp\/v2\/types\/page"}],"author":[{"embeddable":true,"href":"https:\/\/www.bluepanselinos.com\/es\/wp-json\/wp\/v2\/users\/3"}],"replies":[{"embeddable":true,"href":"https:\/\/www.bluepanselinos.com\/es\/wp-json\/wp\/v2\/comments?post=32562"}],"version-history":[{"count":0,"href":"https:\/\/www.bluepanselinos.com\/es\/wp-json\/wp\/v2\/pages\/32562\/revisions"}],"wp:attachment":[{"href":"https:\/\/www.bluepanselinos.com\/es\/wp-json\/wp\/v2\/media?parent=32562"}],"wp:term":[{"taxonomy":"yst_prominent_words","embeddable":true,"href":"https:\/\/www.bluepanselinos.com\/es\/wp-json\/wp\/v2\/yst_prominent_words?post=32562"}],"curies":[{"name":"wp","href":"https:\/\/api.w.org\/{rel}","templated":true}]}}