{"id":32567,"date":"2016-09-22T08:28:32","date_gmt":"2016-09-22T05:28:32","guid":{"rendered":"https:\/\/www.bluepanselinos.com\/about-us\/"},"modified":"2024-07-12T11:26:17","modified_gmt":"2024-07-12T08:26:17","slug":"about-us","status":"publish","type":"page","link":"https:\/\/www.bluepanselinos.com\/es\/about-us\/","title":{"rendered":"About Us"},"content":{"rendered":"<p>[et_pb_section fb_built=\u00bb1&#8243; admin_label=\u00bbsection\u00bb _builder_version=\u00bb4.16&#8243; global_colors_info=\u00bb{}\u00bb][et_pb_row admin_label=\u00bbrow\u00bb _builder_version=\u00bb4.16&#8243; background_size=\u00bbinitial\u00bb background_position=\u00bbtop_left\u00bb background_repeat=\u00bbrepeat\u00bb global_colors_info=\u00bb{}\u00bb][et_pb_column type=\u00bb4_4&#8243; _builder_version=\u00bb4.16&#8243; custom_padding=\u00bb|||\u00bb global_colors_info=\u00bb{}\u00bb custom_padding__hover=\u00bb|||\u00bb][et_pb_image src=\u00bbhttps:\/\/www.bluepanselinos.com\/wp-content\/uploads\/2023\/06\/Blue-Panselinos-Santorini-Private-Land-tours.jpg\u00bb title_text=\u00bbBlue Panselinos Santorini Tours terrestres privados\u00bb _builder_version=\u00bb4.21.0&#8243; _module_preset=\u00bbdefault\u00bb global_colors_info=\u00bb{}\u00bb][\/et_pb_image][et_pb_text admin_label=\u00bbText\u00bb _builder_version=\u00bb4.21.0&#8243; header_font=\u00bb||||||||\u00bb header_letter_spacing=\u00bb-1px\u00bb background_size=\u00bbinitial\u00bb background_position=\u00bbtop_left\u00bb background_repeat=\u00bbrepeat\u00bb global_colors_info=\u00bb{}\u00bb]<\/p>\n<section class=\"kc-elm kc-css-4027988 kc_row\">\n<div class=\"kc-row-container kc-container\">\n<div class=\"kc-wrap-columns\">\n<div class=\"kc-elm kc-css-3457728 kc_col-sm-12 kc_column kc_col-sm-12\">\n<div class=\"kc-col-container\"><\/div>\n<\/div>\n<\/div>\n<\/div>\n<\/section>\n<section class=\"kc-elm kc-css-2778047 kc_row\">\n<div class=\"kc-row-container kc-container\">\n<div class=\"kc-wrap-columns\">\n<div class=\"kc-elm kc-css-3488913 kc_col-sm-9 kc_column kc_col-sm-9\">\n<div class=\"kc-col-container\">\n<div class=\"kc-elm kc-css-1392071 kc_text_block\">\n<h1 class=\"kc_title\"><strong>No sea un turista. Sea un viajero.<\/strong><\/h1>\n<\/div>\n<\/div>\n<\/div>\n<div class=\"kc-elm kc-css-4190027 kc_col-of-5 kc_column kc_col-of-5\">\n<div class=\"kc-col-container\"><\/div>\n<\/div>\n<\/div>\n<\/div>\n<\/section>\n<p>[\/et_pb_text][et_pb_text admin_label=\u00bbText\u00bb _builder_version=\u00bb4.21.0&#8243; text_font=\u00bbHind|300|||||||\u00bb background_size=\u00bbinitial\u00bb background_position=\u00bbtop_left\u00bb background_repeat=\u00bbrepeat\u00bb global_colors_info=\u00bb{}\u00bb]<\/p>\n<p>Se trata de ser un verdadero Viajero. Se trata de d\u00f3nde te quedas, ad\u00f3nde vas y qu\u00e9 eliges hacer. En <strong>Blue Panselinos<\/strong> buscamos la perfecci\u00f3n en todo lo anterior.<\/p>\n<p><em>D\u00f3nde te quedas es importante. <\/em><br \/>Ya sea que elijas una lujosa mansi\u00f3n o una tradicional casa cueva, tu experiencia tiene que ser especial.<\/p>\n<p><em>Ad\u00f3nde vas es importante.<\/em> <br \/>\u00a1Las vacaciones significan aventura! Sacar el m\u00e1ximo provecho de Santorini significa descubrir y explorar sus partes \u201cocultas\u201d por aire, tierra o mar. Elige nuestras actividades y \u201cescapa\u201d del mundo moderno. \u00a1Ac\u00e9rcate a la naturaleza, reflexiona sobre ti mismo y crece!<\/p>\n<p><em>Lo que haces cuenta para algo. <\/em> <br \/>Disfruta de las vacaciones de tus sue\u00f1os: \u00a1Prueba la gastronom\u00eda local, recarga pilas y divi\u00e9rtete!<\/p>\n<p>Estamos aqu\u00ed para hacer realidad las vacaciones de tus sue\u00f1os.<\/p>\n<p>El equipo de \u201cBlue Panselinos\u201d<\/p>\n<p>[\/et_pb_text][\/et_pb_column][\/et_pb_row][\/et_pb_section]<\/p>\n","protected":false},"excerpt":{"rendered":"<p>No sea un turista. Sea un viajero. Se trata de ser un verdadero Viajero. Se trata de d\u00f3nde te quedas, ad\u00f3nde vas y qu\u00e9 eliges hacer. En Blue Panselinos buscamos la perfecci\u00f3n en todo lo anterior. D\u00f3nde te quedas es importante. Ya sea que elijas una lujosa mansi\u00f3n o una tradicional casa cueva, tu experiencia tiene que ser especial. Ad\u00f3nde vas es importante. \u00a1Las vacaciones significan aventura! Sacar el m\u00e1ximo provecho de Santorini significa descubrir y explorar sus partes \u201cocultas\u201d por aire, tierra o mar. Elige nuestras actividades y \u201cescapa\u201d del mundo moderno. \u00a1Ac\u00e9rcate a la naturaleza, reflexiona sobre ti mismo y crece! Lo que haces cuenta para algo. Disfruta de las vacaciones de tus sue\u00f1os: \u00a1Prueba la gastronom\u00eda local, recarga pilas y divi\u00e9rtete! Estamos aqu\u00ed para hacer realidad las vacaciones de tus sue\u00f1os. El equipo de \u201cBlue Panselinos\u201d<\/p>\n","protected":false},"author":3,"featured_media":0,"parent":0,"menu_order":0,"comment_status":"closed","ping_status":"closed","template":"","meta":{"_acf_changed":false,"_et_pb_use_builder":"on","_et_pb_old_content":"","_et_gb_content_width":"","footnotes":""},"yst_prominent_words":[371,550],"class_list":["post-32567","page","type-page","status-publish","hentry"],"acf":[],"_links":{"self":[{"href":"https:\/\/www.bluepanselinos.com\/es\/wp-json\/wp\/v2\/pages\/32567","targetHints":{"allow":["GET"]}}],"collection":[{"href":"https:\/\/www.bluepanselinos.com\/es\/wp-json\/wp\/v2\/pages"}],"about":[{"href":"https:\/\/www.bluepanselinos.com\/es\/wp-json\/wp\/v2\/types\/page"}],"author":[{"embeddable":true,"href":"https:\/\/www.bluepanselinos.com\/es\/wp-json\/wp\/v2\/users\/3"}],"replies":[{"embeddable":true,"href":"https:\/\/www.bluepanselinos.com\/es\/wp-json\/wp\/v2\/comments?post=32567"}],"version-history":[{"count":0,"href":"https:\/\/www.bluepanselinos.com\/es\/wp-json\/wp\/v2\/pages\/32567\/revisions"}],"wp:attachment":[{"href":"https:\/\/www.bluepanselinos.com\/es\/wp-json\/wp\/v2\/media?parent=32567"}],"wp:term":[{"taxonomy":"yst_prominent_words","embeddable":true,"href":"https:\/\/www.bluepanselinos.com\/es\/wp-json\/wp\/v2\/yst_prominent_words?post=32567"}],"curies":[{"name":"wp","href":"https:\/\/api.w.org\/{rel}","templated":true}]}}